{"id":2,"date":"2023-10-09T11:50:47","date_gmt":"2023-10-09T14:50:47","guid":{"rendered":"http:\/\/blog.jusia.com.br\/?page_id=2"},"modified":"2025-08-26T19:25:55","modified_gmt":"2025-08-26T22:25:55","slug":"pagina-exemplo","status":"publish","type":"page","link":"https:\/\/blog.jusia.com.br\/index.php\/pagina-exemplo\/","title":{"rendered":"JUS IA &#8211; Advoga IA &#8211; Intelig\u00eancia artificial para advogados"},"content":{"rendered":"\n<p>Advoga IA &#8211; Intelig\u00eancia artificial para advogados <a href=\"http:\/\/www.advogaia.com.br\" title=\"\">www.advogaia.com.br<\/a><\/p>\n\n\n\n<p>Acesse j\u00e1: Advoga IA &#8211; intelig\u00eancia artificial jur\u00eddica.<\/p>\n","protected":false},"excerpt":{"rendered":"<p>Advoga IA &#8211; Intelig\u00eancia artificial para advogados www.advogaia.com.br Acesse j\u00e1: Advoga IA &#8211; intelig\u00eancia artificial jur\u00eddica.<\/p>\n","protected":false},"author":1,"featured_media":0,"parent":0,"menu_order":0,"comment_status":"closed","ping_status":"closed","template":"","meta":{"_acf_changed":false,"_monsterinsights_skip_tracking":false,"_monsterinsights_sitenote_active":false,"_monsterinsights_sitenote_note":"","_monsterinsights_sitenote_category":0,"footnotes":""},"class_list":["post-2","page","type-page","status-publish","hentry"],"acf":[],"aioseo_notices":[],"aioseo_head":"\n\t\t<!-- All in One SEO Pro 4.4.8 - aioseo.com -->\n\t\t<meta name=\"description\" content=\"Advoga IA - Intelig\u00eancia artificial para advogados www.advogaia.com.br Acesse j\u00e1: Advoga IA - intelig\u00eancia artificial jur\u00eddica.\" \/>\n\t\t<meta name=\"robots\" content=\"max-image-preview:large\" \/>\n\t\t<meta name=\"google-site-verification\" content=\"Elvyy2_Tc-fm4O5JE2v5Skw3ez8DrBFDJuczmIMME4I\" \/>\n\t\t<link rel=\"canonical\" href=\"https:\/\/blog.jusia.com.br\/index.php\/pagina-exemplo\/\" \/>\n\t\t<meta name=\"generator\" content=\"All in One SEO Pro (AIOSEO) 4.4.8\" \/>\n\t\t<meta property=\"og:locale\" content=\"pt_BR\" \/>\n\t\t<meta property=\"og:site_name\" content=\"JUS IA - Advoga IA - Blog\" \/>\n\t\t<meta property=\"og:type\" content=\"article\" \/>\n\t\t<meta property=\"og:title\" content=\"JUS IA \u2013 Advoga IA \u2013 Intelig\u00eancia artificial para advogados - JUS IA - Advoga IA\" \/>\n\t\t<meta property=\"og:description\" content=\"Advoga IA - Intelig\u00eancia artificial para advogados www.advogaia.com.br Acesse j\u00e1: Advoga IA - intelig\u00eancia artificial jur\u00eddica.\" \/>\n\t\t<meta property=\"og:url\" content=\"https:\/\/blog.jusia.com.br\/index.php\/pagina-exemplo\/\" \/>\n\t\t<meta property=\"article:published_time\" content=\"2023-10-09T14:50:47+00:00\" \/>\n\t\t<meta property=\"article:modified_time\" content=\"2025-08-26T22:25:55+00:00\" \/>\n\t\t<meta name=\"twitter:card\" content=\"summary_large_image\" \/>\n\t\t<meta name=\"twitter:title\" content=\"JUS IA \u2013 Advoga IA \u2013 Intelig\u00eancia artificial para advogados - JUS IA - Advoga IA\" \/>\n\t\t<meta name=\"twitter:description\" content=\"Advoga IA - Intelig\u00eancia artificial para advogados www.advogaia.com.br Acesse j\u00e1: Advoga IA - intelig\u00eancia artificial jur\u00eddica.\" \/>\n\t\t<script type=\"application\/ld+json\" class=\"aioseo-schema\">\n\t\t\t{\"@context\":\"https:\\\/\\\/schema.org\",\"@graph\":[{\"@type\":\"BreadcrumbList\",\"@id\":\"https:\\\/\\\/blog.jusia.com.br\\\/index.php\\\/pagina-exemplo\\\/#breadcrumblist\",\"itemListElement\":[{\"@type\":\"ListItem\",\"@id\":\"https:\\\/\\\/blog.jusia.com.br\\\/#listItem\",\"position\":1,\"name\":\"Dom\\u00e9stica\",\"item\":\"https:\\\/\\\/blog.jusia.com.br\\\/\",\"nextItem\":\"https:\\\/\\\/blog.jusia.com.br\\\/index.php\\\/pagina-exemplo\\\/#listItem\"},{\"@type\":\"ListItem\",\"@id\":\"https:\\\/\\\/blog.jusia.com.br\\\/index.php\\\/pagina-exemplo\\\/#listItem\",\"position\":2,\"name\":\"JUS IA - Advoga IA - Intelig\\u00eancia artificial para advogados\",\"previousItem\":\"https:\\\/\\\/blog.jusia.com.br\\\/#listItem\"}]},{\"@type\":\"Organization\",\"@id\":\"https:\\\/\\\/blog.jusia.com.br\\\/#organization\",\"name\":\"Advoga IA\",\"url\":\"https:\\\/\\\/blog.jusia.com.br\\\/\",\"logo\":{\"@type\":\"ImageObject\",\"url\":\"https:\\\/\\\/blog.jusia.com.br\\\/wp-content\\\/uploads\\\/2023\\\/11\\\/opengraph-image.png\",\"@id\":\"https:\\\/\\\/blog.jusia.com.br\\\/index.php\\\/pagina-exemplo\\\/#organizationLogo\",\"width\":2285,\"height\":1197},\"image\":{\"@id\":\"https:\\\/\\\/blog.jusia.com.br\\\/#organizationLogo\"}},{\"@type\":\"WebPage\",\"@id\":\"https:\\\/\\\/blog.jusia.com.br\\\/index.php\\\/pagina-exemplo\\\/#webpage\",\"url\":\"https:\\\/\\\/blog.jusia.com.br\\\/index.php\\\/pagina-exemplo\\\/\",\"name\":\"JUS IA \\u2013 Advoga IA \\u2013 Intelig\\u00eancia artificial para advogados - JUS IA - Advoga IA\",\"description\":\"Advoga IA - Intelig\\u00eancia artificial para advogados www.advogaia.com.br Acesse j\\u00e1: Advoga IA - intelig\\u00eancia artificial jur\\u00eddica.\",\"inLanguage\":\"pt-BR\",\"isPartOf\":{\"@id\":\"https:\\\/\\\/blog.jusia.com.br\\\/#website\"},\"breadcrumb\":{\"@id\":\"https:\\\/\\\/blog.jusia.com.br\\\/index.php\\\/pagina-exemplo\\\/#breadcrumblist\"},\"datePublished\":\"2023-10-09T14:50:47-03:00\",\"dateModified\":\"2025-08-26T22:25:55-03:00\"},{\"@type\":\"WebSite\",\"@id\":\"https:\\\/\\\/blog.jusia.com.br\\\/#website\",\"url\":\"https:\\\/\\\/blog.jusia.com.br\\\/\",\"name\":\"Advoga IA\",\"description\":\"Blog\",\"inLanguage\":\"pt-BR\",\"publisher\":{\"@id\":\"https:\\\/\\\/blog.jusia.com.br\\\/#organization\"}}]}\n\t\t<\/script>\n\t\t<!-- All in One SEO Pro -->\r\n\t\t<title>JUS IA \u2013 Advoga IA \u2013 Intelig\u00eancia artificial para advogados - JUS IA - Advoga IA<\/title>\n\n","aioseo_head_json":{"title":"JUS IA \u2013 Advoga IA \u2013 Intelig\u00eancia artificial para advogados - JUS IA - Advoga IA","description":"Advoga IA - Intelig\u00eancia artificial para advogados www.advogaia.com.br Acesse j\u00e1: Advoga IA - intelig\u00eancia artificial jur\u00eddica.","canonical_url":"https:\/\/blog.jusia.com.br\/index.php\/pagina-exemplo\/","robots":"max-image-preview:large","keywords":"","webmasterTools":{"google-site-verification":"Elvyy2_Tc-fm4O5JE2v5Skw3ez8DrBFDJuczmIMME4I","miscellaneous":""},"og:locale":"pt_BR","og:site_name":"JUS IA - Advoga IA - Blog","og:type":"article","og:title":"JUS IA \u2013 Advoga IA \u2013 Intelig\u00eancia artificial para advogados - JUS IA - Advoga IA","og:description":"Advoga IA - Intelig\u00eancia artificial para advogados www.advogaia.com.br Acesse j\u00e1: Advoga IA - intelig\u00eancia artificial jur\u00eddica.","og:url":"https:\/\/blog.jusia.com.br\/index.php\/pagina-exemplo\/","article:published_time":"2023-10-09T14:50:47+00:00","article:modified_time":"2025-08-26T22:25:55+00:00","twitter:card":"summary_large_image","twitter:title":"JUS IA \u2013 Advoga IA \u2013 Intelig\u00eancia artificial para advogados - JUS IA - Advoga IA","twitter:description":"Advoga IA - Intelig\u00eancia artificial para advogados www.advogaia.com.br Acesse j\u00e1: Advoga IA - intelig\u00eancia artificial jur\u00eddica.","schema":{"@context":"https:\/\/schema.org","@graph":[{"@type":"BreadcrumbList","@id":"https:\/\/blog.jusia.com.br\/index.php\/pagina-exemplo\/#breadcrumblist","itemListElement":[{"@type":"ListItem","@id":"https:\/\/blog.jusia.com.br\/#listItem","position":1,"name":"Dom\u00e9stica","item":"https:\/\/blog.jusia.com.br\/","nextItem":"https:\/\/blog.jusia.com.br\/index.php\/pagina-exemplo\/#listItem"},{"@type":"ListItem","@id":"https:\/\/blog.jusia.com.br\/index.php\/pagina-exemplo\/#listItem","position":2,"name":"JUS IA - Advoga IA - Intelig\u00eancia artificial para advogados","previousItem":"https:\/\/blog.jusia.com.br\/#listItem"}]},{"@type":"Organization","@id":"https:\/\/blog.jusia.com.br\/#organization","name":"Advoga IA","url":"https:\/\/blog.jusia.com.br\/","logo":{"@type":"ImageObject","url":"https:\/\/blog.jusia.com.br\/wp-content\/uploads\/2023\/11\/opengraph-image.png","@id":"https:\/\/blog.jusia.com.br\/index.php\/pagina-exemplo\/#organizationLogo","width":2285,"height":1197},"image":{"@id":"https:\/\/blog.jusia.com.br\/#organizationLogo"}},{"@type":"WebPage","@id":"https:\/\/blog.jusia.com.br\/index.php\/pagina-exemplo\/#webpage","url":"https:\/\/blog.jusia.com.br\/index.php\/pagina-exemplo\/","name":"JUS IA \u2013 Advoga IA \u2013 Intelig\u00eancia artificial para advogados - JUS IA - Advoga IA","description":"Advoga IA - Intelig\u00eancia artificial para advogados www.advogaia.com.br Acesse j\u00e1: Advoga IA - intelig\u00eancia artificial jur\u00eddica.","inLanguage":"pt-BR","isPartOf":{"@id":"https:\/\/blog.jusia.com.br\/#website"},"breadcrumb":{"@id":"https:\/\/blog.jusia.com.br\/index.php\/pagina-exemplo\/#breadcrumblist"},"datePublished":"2023-10-09T14:50:47-03:00","dateModified":"2025-08-26T22:25:55-03:00"},{"@type":"WebSite","@id":"https:\/\/blog.jusia.com.br\/#website","url":"https:\/\/blog.jusia.com.br\/","name":"Advoga IA","description":"Blog","inLanguage":"pt-BR","publisher":{"@id":"https:\/\/blog.jusia.com.br\/#organization"}}]}},"aioseo_meta_data":{"post_id":"2","title":null,"description":null,"keywords":"[]","keyphrases":"{\"focus\":{\"keyphrase\":\"\",\"score\":0,\"analysis\":{\"keyphraseInTitle\":{\"score\":0,\"maxScore\":9,\"error\":1}}},\"additional\":[]}","primary_term":null,"canonical_url":null,"og_title":null,"og_description":null,"og_object_type":"default","og_image_type":"default","og_image_url":null,"og_image_width":null,"og_image_height":null,"og_image_custom_url":null,"og_image_custom_fields":null,"og_video":"","og_custom_url":null,"og_article_section":null,"og_article_tags":"[]","twitter_use_og":false,"twitter_card":"default","twitter_image_type":"default","twitter_image_url":null,"twitter_image_custom_url":null,"twitter_image_custom_fields":null,"twitter_title":null,"twitter_description":null,"schema":{"blockGraphs":[],"customGraphs":[],"default":{"data":{"Article":[],"Course":[],"Dataset":[],"FAQPage":[],"Movie":[],"Person":[],"Product":[],"Recipe":[],"Service":[],"SoftwareApplication":[],"WebPage":[]},"graphName":"WebPage","isEnabled":true},"graphs":[]},"schema_type":"default","schema_type_options":null,"pillar_content":false,"robots_default":true,"robots_noindex":false,"robots_noarchive":false,"robots_nosnippet":false,"robots_nofollow":false,"robots_noimageindex":false,"robots_noodp":false,"robots_notranslate":false,"robots_max_snippet":"-1","robots_max_videopreview":"-1","robots_max_imagepreview":"large","priority":null,"frequency":"default","local_seo":null,"limit_modified_date":false,"created":"2023-10-09 14:52:20","updated":"2025-08-26 22:39:54"},"aioseo_breadcrumb":"<div class=\"aioseo-breadcrumbs\"><span class=\"aioseo-breadcrumb\">\n\t<a href=\"https:\/\/blog.jusia.com.br\" title=\"Home\">Home<\/a>\n<\/span><span class=\"aioseo-breadcrumb-separator\">\u00bb<\/span><span class=\"aioseo-breadcrumb\">\n\tJUS IA \u2013 Advoga IA \u2013 Intelig\u00eancia artificial para advogados\n<\/span><\/div>","aioseo_breadcrumb_json":[{"label":"Home","link":"https:\/\/blog.jusia.com.br"},{"label":"JUS IA &#8211; Advoga IA &#8211; Intelig\u00eancia artificial para advogados","link":"https:\/\/blog.jusia.com.br\/index.php\/pagina-exemplo\/"}],"featured_media_src_url":null,"_links":{"self":[{"href":"https:\/\/blog.jusia.com.br\/index.php\/wp-json\/wp\/v2\/pages\/2","targetHints":{"allow":["GET"]}}],"collection":[{"href":"https:\/\/blog.jusia.com.br\/index.php\/wp-json\/wp\/v2\/pages"}],"about":[{"href":"https:\/\/blog.jusia.com.br\/index.php\/wp-json\/wp\/v2\/types\/page"}],"author":[{"embeddable":true,"href":"https:\/\/blog.jusia.com.br\/index.php\/wp-json\/wp\/v2\/users\/1"}],"replies":[{"embeddable":true,"href":"https:\/\/blog.jusia.com.br\/index.php\/wp-json\/wp\/v2\/comments?post=2"}],"version-history":[{"count":2,"href":"https:\/\/blog.jusia.com.br\/index.php\/wp-json\/wp\/v2\/pages\/2\/revisions"}],"predecessor-version":[{"id":342,"href":"https:\/\/blog.jusia.com.br\/index.php\/wp-json\/wp\/v2\/pages\/2\/revisions\/342"}],"wp:attachment":[{"href":"https:\/\/blog.jusia.com.br\/index.php\/wp-json\/wp\/v2\/media?parent=2"}],"curies":[{"name":"wp","href":"https:\/\/api.w.org\/{rel}","templated":true}]}}